{"id":135,"date":"2018-09-18T21:10:44","date_gmt":"2018-09-18T21:10:44","guid":{"rendered":"https:\/\/theater.figoe.ch\/?page_id=135"},"modified":"2025-01-07T18:13:41","modified_gmt":"2025-01-07T18:13:41","slug":"vorverkauf","status":"publish","type":"page","link":"https:\/\/theater.figoe.ch\/?page_id=135","title":{"rendered":"Reservationen"},"content":{"rendered":"<p class=\"p1\">chunnt weder uf d Homepage:<\/p>\n<p class=\"p1\">Nutzen Sie unseren Vorverkauf f\u00fcr die Wochenendvorstellungen (Gutscheine direkt einl\u00f6sen bei Reservation). F\u00fcr die Auff\u00fchrung am Mittwoch gibt es keine Reservationsm\u00f6glichkeit. Die Tickets m\u00fcssen im Voraus bezahlt werden.\u00a0<\/p>\n<p class=\"p1\"><b>Die Zeitfenster f\u00fcr den Online-Verkauf sind:<\/b><\/p>\n<p class=\"p1\">01.11. &#8211; 12.11.2024, ab 19:00 Uhr f\u00fcr die Auff\u00fchrung am 16.11.2024<\/p>\n<p class=\"p1\">01.11. &#8211; 19.11.2024, ab 19:00 Uhr f\u00fcr alle anderen Auff\u00fchrungen\u00a0<\/p>\n<p><span style=\"color: #008080;\">Aktuell hat es f\u00fcr alle Vorf\u00fchrungen noch freie Pl\u00e4tze. Eintritte ohne Men\u00fc sind an der Abendkasse erh\u00e4ltlich.\u00a0Die Kasse \u00f6ffnet Freitags und Samstags jeweils um 18.00 Uhr. Mittwochs um 18.30 Uhr.<\/span><\/p>\n<p>Eine Ticketr\u00fcckgabe ist nicht m\u00f6glich. Wird der Anlass durch den Veranstalter abgesagt, werden die vollen Ticketkosten zur\u00fcckerstattet.<\/p>\n\n\n<div class=\"wp-block-buttons is-content-justification-center is-layout-flex wp-container-core-buttons-is-layout-a89b3969 wp-block-buttons-is-layout-flex\">\n<div class=\"wp-block-button\"><a class=\"wp-block-button__link wp-element-button\" href=\"https:\/\/reservation.ticketleo.com\/event\/30480\/theater-diskretion-isch-ehresach\" target=\"_blank\" rel=\"noreferrer noopener\">Hier gehts zum Vorverkauf<\/a><\/div>\n<\/div>\n\n\n\n<p><\/p>\n","protected":false},"excerpt":{"rendered":"<p>chunnt weder uf d Homepage: Nutzen Sie unseren Vorverkauf f\u00fcr die Wochenendvorstellungen (Gutscheine direkt einl\u00f6sen bei Reservation). F\u00fcr die Auff\u00fchrung am Mittwoch gibt es keine Reservationsm\u00f6glichkeit. Die Tickets m\u00fcssen im Voraus bezahlt werden.\u00a0 Die Zeitfenster f\u00fcr den Online-Verkauf sind: 01.11. &#8211; 12.11.2024, ab 19:00 Uhr f\u00fcr die Auff\u00fchrung am 16.11.2024<\/p>\n","protected":false},"author":2,"featured_media":0,"parent":0,"menu_order":0,"comment_status":"closed","ping_status":"closed","template":"","meta":{"footnotes":""},"class_list":["post-135","page","type-page","status-publish","hentry"],"_links":{"self":[{"href":"https:\/\/theater.figoe.ch\/index.php?rest_route=\/wp\/v2\/pages\/135","targetHints":{"allow":["GET"]}}],"collection":[{"href":"https:\/\/theater.figoe.ch\/index.php?rest_route=\/wp\/v2\/pages"}],"about":[{"href":"https:\/\/theater.figoe.ch\/index.php?rest_route=\/wp\/v2\/types\/page"}],"author":[{"embeddable":true,"href":"https:\/\/theater.figoe.ch\/index.php?rest_route=\/wp\/v2\/users\/2"}],"replies":[{"embeddable":true,"href":"https:\/\/theater.figoe.ch\/index.php?rest_route=%2Fwp%2Fv2%2Fcomments&post=135"}],"version-history":[{"count":56,"href":"https:\/\/theater.figoe.ch\/index.php?rest_route=\/wp\/v2\/pages\/135\/revisions"}],"predecessor-version":[{"id":1015,"href":"https:\/\/theater.figoe.ch\/index.php?rest_route=\/wp\/v2\/pages\/135\/revisions\/1015"}],"wp:attachment":[{"href":"https:\/\/theater.figoe.ch\/index.php?rest_route=%2Fwp%2Fv2%2Fmedia&parent=135"}],"curies":[{"name":"wp","href":"https:\/\/api.w.org\/{rel}","templated":true}]}}