{"id":15,"date":"2018-09-17T18:50:52","date_gmt":"2018-09-17T18:50:52","guid":{"rendered":"https:\/\/theater.figoe.ch\/?page_id=15"},"modified":"2024-10-10T21:09:02","modified_gmt":"2024-10-10T21:09:02","slug":"schauspieler","status":"publish","type":"page","link":"https:\/\/theater.figoe.ch\/?page_id=15","title":{"rendered":"Schauspieler"},"content":{"rendered":"\n<p class=\"has-text-align-left\">Seit Monaten proben unsere Schauspieler:innen f\u00fcr die bevorstehenden Auff\u00fchrungen. Gerne stellen wir Ihnen unser Team hier vor:<\/p>\n\n\n\n<figure class=\"wp-block-table\"><table class=\"has-fixed-layout\"><tbody><tr><td class=\"has-text-align-center\" data-align=\"center\"><img loading=\"lazy\" decoding=\"async\" width=\"300\" height=\"244\" class=\"wp-image-864\" style=\"width: 300px;\" src=\"https:\/\/theater.figoe.ch\/wp-content\/uploads\/2024\/10\/Guido-scaled.jpg\" alt=\"\" srcset=\"https:\/\/theater.figoe.ch\/wp-content\/uploads\/2024\/10\/Guido-scaled.jpg 2560w, https:\/\/theater.figoe.ch\/wp-content\/uploads\/2024\/10\/Guido-300x244.jpg 300w, https:\/\/theater.figoe.ch\/wp-content\/uploads\/2024\/10\/Guido-1024x834.jpg 1024w, https:\/\/theater.figoe.ch\/wp-content\/uploads\/2024\/10\/Guido-768x626.jpg 768w, https:\/\/theater.figoe.ch\/wp-content\/uploads\/2024\/10\/Guido-1536x1251.jpg 1536w, https:\/\/theater.figoe.ch\/wp-content\/uploads\/2024\/10\/Guido-2048x1668.jpg 2048w\" sizes=\"auto, (max-width: 300px) 100vw, 300px\" \/><\/td><td class=\"has-text-align-center\" data-align=\"center\"><img loading=\"lazy\" decoding=\"async\" width=\"300\" height=\"244\" class=\"wp-image-867\" style=\"width: 300px;\" src=\"https:\/\/theater.figoe.ch\/wp-content\/uploads\/2024\/10\/Fabi-scaled.jpg\" alt=\"\" srcset=\"https:\/\/theater.figoe.ch\/wp-content\/uploads\/2024\/10\/Fabi-scaled.jpg 2560w, https:\/\/theater.figoe.ch\/wp-content\/uploads\/2024\/10\/Fabi-300x244.jpg 300w, https:\/\/theater.figoe.ch\/wp-content\/uploads\/2024\/10\/Fabi-1024x834.jpg 1024w, https:\/\/theater.figoe.ch\/wp-content\/uploads\/2024\/10\/Fabi-768x626.jpg 768w, https:\/\/theater.figoe.ch\/wp-content\/uploads\/2024\/10\/Fabi-1536x1251.jpg 1536w, https:\/\/theater.figoe.ch\/wp-content\/uploads\/2024\/10\/Fabi-2048x1668.jpg 2048w\" sizes=\"auto, (max-width: 300px) 100vw, 300px\" \/><\/td><\/tr><tr><td class=\"has-text-align-center\" data-align=\"center\">Alois H\u00e4fliger und Erwin M\u00fcller<br>(gespielt von Guido Siegenthaler)<\/td><td class=\"has-text-align-center\" data-align=\"center\">Dorothee<br>(gespielt von Fabienne Rymann)<\/td><\/tr><tr><td class=\"has-text-align-center\" data-align=\"center\"><img loading=\"lazy\" decoding=\"async\" width=\"300\" height=\"245\" class=\"wp-image-868\" style=\"width: 300px;\" src=\"https:\/\/theater.figoe.ch\/wp-content\/uploads\/2024\/10\/Roli-scaled.jpg\" alt=\"\" srcset=\"https:\/\/theater.figoe.ch\/wp-content\/uploads\/2024\/10\/Roli-scaled.jpg 2560w, https:\/\/theater.figoe.ch\/wp-content\/uploads\/2024\/10\/Roli-300x245.jpg 300w, https:\/\/theater.figoe.ch\/wp-content\/uploads\/2024\/10\/Roli-1024x835.jpg 1024w, https:\/\/theater.figoe.ch\/wp-content\/uploads\/2024\/10\/Roli-768x626.jpg 768w, https:\/\/theater.figoe.ch\/wp-content\/uploads\/2024\/10\/Roli-1536x1252.jpg 1536w, https:\/\/theater.figoe.ch\/wp-content\/uploads\/2024\/10\/Roli-2048x1669.jpg 2048w\" sizes=\"auto, (max-width: 300px) 100vw, 300px\" \/><\/td><td class=\"has-text-align-center\" data-align=\"center\"><img loading=\"lazy\" decoding=\"async\" width=\"300\" height=\"244\" class=\"wp-image-870\" style=\"width: 300px;\" src=\"https:\/\/theater.figoe.ch\/wp-content\/uploads\/2024\/10\/Gillian-scaled.jpg\" alt=\"\" srcset=\"https:\/\/theater.figoe.ch\/wp-content\/uploads\/2024\/10\/Gillian-scaled.jpg 2560w, https:\/\/theater.figoe.ch\/wp-content\/uploads\/2024\/10\/Gillian-300x244.jpg 300w, https:\/\/theater.figoe.ch\/wp-content\/uploads\/2024\/10\/Gillian-1024x832.jpg 1024w, https:\/\/theater.figoe.ch\/wp-content\/uploads\/2024\/10\/Gillian-768x624.jpg 768w, https:\/\/theater.figoe.ch\/wp-content\/uploads\/2024\/10\/Gillian-1536x1248.jpg 1536w, https:\/\/theater.figoe.ch\/wp-content\/uploads\/2024\/10\/Gillian-2048x1664.jpg 2048w\" sizes=\"auto, (max-width: 300px) 100vw, 300px\" \/><\/td><\/tr><tr><td class=\"has-text-align-center\" data-align=\"center\">Sulzbach<br>(gespielt von Roli B\u00fchlmann)<\/td><td class=\"has-text-align-center\" data-align=\"center\">Maja Tobler<br>(gespielt von Gillian Schafroth)<\/td><\/tr><tr><td class=\"has-text-align-center\" data-align=\"center\"><img loading=\"lazy\" decoding=\"async\" width=\"300\" height=\"244\" class=\"wp-image-871\" style=\"width: 300px;\" src=\"https:\/\/theater.figoe.ch\/wp-content\/uploads\/2024\/10\/Cedi-scaled.jpg\" alt=\"\" srcset=\"https:\/\/theater.figoe.ch\/wp-content\/uploads\/2024\/10\/Cedi-scaled.jpg 2560w, https:\/\/theater.figoe.ch\/wp-content\/uploads\/2024\/10\/Cedi-300x244.jpg 300w, https:\/\/theater.figoe.ch\/wp-content\/uploads\/2024\/10\/Cedi-1024x834.jpg 1024w, https:\/\/theater.figoe.ch\/wp-content\/uploads\/2024\/10\/Cedi-768x626.jpg 768w, https:\/\/theater.figoe.ch\/wp-content\/uploads\/2024\/10\/Cedi-1536x1251.jpg 1536w, https:\/\/theater.figoe.ch\/wp-content\/uploads\/2024\/10\/Cedi-2048x1668.jpg 2048w\" sizes=\"auto, (max-width: 300px) 100vw, 300px\" \/><\/td><td class=\"has-text-align-center\" data-align=\"center\"><img loading=\"lazy\" decoding=\"async\" width=\"300\" height=\"244\" class=\"wp-image-872\" style=\"width: 300px;\" src=\"https:\/\/theater.figoe.ch\/wp-content\/uploads\/2024\/10\/Ronny-scaled.jpg\" alt=\"\" srcset=\"https:\/\/theater.figoe.ch\/wp-content\/uploads\/2024\/10\/Ronny-scaled.jpg 2560w, https:\/\/theater.figoe.ch\/wp-content\/uploads\/2024\/10\/Ronny-300x244.jpg 300w, https:\/\/theater.figoe.ch\/wp-content\/uploads\/2024\/10\/Ronny-1024x834.jpg 1024w, https:\/\/theater.figoe.ch\/wp-content\/uploads\/2024\/10\/Ronny-768x625.jpg 768w, https:\/\/theater.figoe.ch\/wp-content\/uploads\/2024\/10\/Ronny-1536x1251.jpg 1536w, https:\/\/theater.figoe.ch\/wp-content\/uploads\/2024\/10\/Ronny-2048x1668.jpg 2048w\" sizes=\"auto, (max-width: 300px) 100vw, 300px\" \/><\/td><\/tr><tr><td class=\"has-text-align-center\" data-align=\"center\">Toni Aschwanden<br>(gespielt von C\u00e9dric Beaud)<\/td><td class=\"has-text-align-center\" data-align=\"center\">Igor Popov<br>(gespielt von Ronny Forrer)<\/td><\/tr><tr><td class=\"has-text-align-center\" data-align=\"center\"><img loading=\"lazy\" decoding=\"async\" width=\"300\" height=\"244\" class=\"wp-image-874\" style=\"width: 300px;\" src=\"https:\/\/theater.figoe.ch\/wp-content\/uploads\/2024\/10\/Ina-scaled.jpg\" alt=\"\" srcset=\"https:\/\/theater.figoe.ch\/wp-content\/uploads\/2024\/10\/Ina-scaled.jpg 2560w, https:\/\/theater.figoe.ch\/wp-content\/uploads\/2024\/10\/Ina-300x244.jpg 300w, https:\/\/theater.figoe.ch\/wp-content\/uploads\/2024\/10\/Ina-1024x833.jpg 1024w, https:\/\/theater.figoe.ch\/wp-content\/uploads\/2024\/10\/Ina-768x625.jpg 768w, https:\/\/theater.figoe.ch\/wp-content\/uploads\/2024\/10\/Ina-1536x1249.jpg 1536w, https:\/\/theater.figoe.ch\/wp-content\/uploads\/2024\/10\/Ina-2048x1665.jpg 2048w\" sizes=\"auto, (max-width: 300px) 100vw, 300px\" \/><\/td><td class=\"has-text-align-center\" data-align=\"center\"><img loading=\"lazy\" decoding=\"async\" width=\"300\" height=\"244\" class=\"wp-image-875\" style=\"width: 300px;\" src=\"https:\/\/theater.figoe.ch\/wp-content\/uploads\/2024\/10\/Lutz-scaled.jpg\" alt=\"\" srcset=\"https:\/\/theater.figoe.ch\/wp-content\/uploads\/2024\/10\/Lutz-scaled.jpg 2560w, https:\/\/theater.figoe.ch\/wp-content\/uploads\/2024\/10\/Lutz-300x244.jpg 300w, https:\/\/theater.figoe.ch\/wp-content\/uploads\/2024\/10\/Lutz-1024x834.jpg 1024w, https:\/\/theater.figoe.ch\/wp-content\/uploads\/2024\/10\/Lutz-768x625.jpg 768w, https:\/\/theater.figoe.ch\/wp-content\/uploads\/2024\/10\/Lutz-1536x1250.jpg 1536w, https:\/\/theater.figoe.ch\/wp-content\/uploads\/2024\/10\/Lutz-2048x1667.jpg 2048w\" sizes=\"auto, (max-width: 300px) 100vw, 300px\" \/><\/td><\/tr><tr><td class=\"has-text-align-center\" data-align=\"center\">Ina K\u00f6rner<br>Souffleuse<\/td><td class=\"has-text-align-center\" data-align=\"center\">Lutz K\u00f6rner<br>Souffleur<\/td><\/tr><\/tbody><\/table><\/figure>\n\n\n\n<figure class=\"wp-block-table\"><table class=\"has-fixed-layout\"><tbody><tr><td class=\"has-text-align-center\" data-align=\"center\"><img loading=\"lazy\" decoding=\"async\" width=\"300\" height=\"244\" class=\"wp-image-873\" style=\"width: 300px;\" src=\"https:\/\/theater.figoe.ch\/wp-content\/uploads\/2024\/10\/Bruno-scaled.jpg\" alt=\"\" srcset=\"https:\/\/theater.figoe.ch\/wp-content\/uploads\/2024\/10\/Bruno-scaled.jpg 2560w, https:\/\/theater.figoe.ch\/wp-content\/uploads\/2024\/10\/Bruno-300x244.jpg 300w, https:\/\/theater.figoe.ch\/wp-content\/uploads\/2024\/10\/Bruno-1024x834.jpg 1024w, https:\/\/theater.figoe.ch\/wp-content\/uploads\/2024\/10\/Bruno-768x626.jpg 768w, https:\/\/theater.figoe.ch\/wp-content\/uploads\/2024\/10\/Bruno-1536x1251.jpg 1536w, https:\/\/theater.figoe.ch\/wp-content\/uploads\/2024\/10\/Bruno-2048x1668.jpg 2048w\" sizes=\"auto, (max-width: 300px) 100vw, 300px\" \/><\/td><\/tr><tr><td class=\"has-text-align-center\" data-align=\"center\">Bruno Villiger<br>Regisseur<\/td><\/tr><\/tbody><\/table><\/figure>\n\n\n\n<p><\/p>\n","protected":false},"excerpt":{"rendered":"<p>Seit Monaten proben unsere Schauspieler:innen f\u00fcr die bevorstehenden Auff\u00fchrungen. Gerne stellen wir Ihnen unser Team hier vor: Alois H\u00e4fliger und Erwin M\u00fcller(gespielt von Guido Siegenthaler) Dorothee(gespielt von Fabienne Rymann) Sulzbach(gespielt von Roli B\u00fchlmann) Maja Tobler(gespielt von Gillian Schafroth) Toni Aschwanden(gespielt von C\u00e9dric Beaud) Igor Popov(gespielt von Ronny Forrer) Ina K\u00f6rnerSouffleuse<\/p>\n","protected":false},"author":2,"featured_media":0,"parent":0,"menu_order":0,"comment_status":"closed","ping_status":"closed","template":"","meta":{"footnotes":""},"class_list":["post-15","page","type-page","status-publish","hentry"],"_links":{"self":[{"href":"https:\/\/theater.figoe.ch\/index.php?rest_route=\/wp\/v2\/pages\/15","targetHints":{"allow":["GET"]}}],"collection":[{"href":"https:\/\/theater.figoe.ch\/index.php?rest_route=\/wp\/v2\/pages"}],"about":[{"href":"https:\/\/theater.figoe.ch\/index.php?rest_route=\/wp\/v2\/types\/page"}],"author":[{"embeddable":true,"href":"https:\/\/theater.figoe.ch\/index.php?rest_route=\/wp\/v2\/users\/2"}],"replies":[{"embeddable":true,"href":"https:\/\/theater.figoe.ch\/index.php?rest_route=%2Fwp%2Fv2%2Fcomments&post=15"}],"version-history":[{"count":37,"href":"https:\/\/theater.figoe.ch\/index.php?rest_route=\/wp\/v2\/pages\/15\/revisions"}],"predecessor-version":[{"id":894,"href":"https:\/\/theater.figoe.ch\/index.php?rest_route=\/wp\/v2\/pages\/15\/revisions\/894"}],"wp:attachment":[{"href":"https:\/\/theater.figoe.ch\/index.php?rest_route=%2Fwp%2Fv2%2Fmedia&parent=15"}],"curies":[{"name":"wp","href":"https:\/\/api.w.org\/{rel}","templated":true}]}}