{"id":174,"date":"2018-09-19T19:08:23","date_gmt":"2018-09-19T19:08:23","guid":{"rendered":"https:\/\/theater.figoe.ch\/?page_id=174"},"modified":"2024-11-12T15:21:11","modified_gmt":"2024-11-12T15:21:11","slug":"tombola","status":"publish","type":"page","link":"https:\/\/theater.figoe.ch\/?page_id=174","title":{"rendered":"Tombola"},"content":{"rendered":"<p>Am Freitag- und Samstagabend k\u00f6nnen Sie Lose kaufen und an unserer Tombola attraktive Preise gewinnen. Versuchen Sie Ihr Gl\u00fcck!<\/p>\n\n<div class=\"wp-block-image\">\n<figure class=\"aligncenter size-full is-resized\"><img loading=\"lazy\" decoding=\"async\" width=\"540\" height=\"360\" src=\"https:\/\/theater.figoe.ch\/wp-content\/uploads\/2024\/09\/Tombola.jpg\" alt=\"\" class=\"wp-image-719\" style=\"width:201px;height:auto\" srcset=\"https:\/\/theater.figoe.ch\/wp-content\/uploads\/2024\/09\/Tombola.jpg 540w, https:\/\/theater.figoe.ch\/wp-content\/uploads\/2024\/09\/Tombola-300x200.jpg 300w, https:\/\/theater.figoe.ch\/wp-content\/uploads\/2024\/09\/Tombola-360x240.jpg 360w\" sizes=\"auto, (max-width: 540px) 100vw, 540px\" \/><\/figure>\n<\/div>\n\n\n<p><\/p>\n\n\n\n<p>Wir danken unseren Tombolasponsoren:<\/p>\n\n\n\n<p><\/p>\n\n\n\n<ul class=\"wp-block-list\">\n<li>Anna und die Hunde, Fischbach-G\u00f6slikon<\/li>\n\n\n\n<li>Arena Coiffure GmbH, Niederwil<\/li>\n\n\n\n<li>Alpamare, Pf\u00e4ffikon<\/li>\n\n\n\n<li>Bauernverband Aargau, Muri<\/li>\n\n\n\n<li>Ballmer Renate, Fischbach-G\u00f6slikon<\/li>\n\n\n\n<li>Beaud Karin, Fischbach-G\u00f6slikon<\/li>\n\n\n\n<li>Bea&#8217;s Backst\u00fcbli, Oberlunkhofen<\/li>\n\n\n\n<li>Berg-Apotheke, Villmergen<\/li>\n\n\n\n<li>Bergbahn Matterhorn, Zermatt<\/li>\n\n\n\n<li>Bergbahn Meiringen, Hasliberg<\/li>\n\n\n\n<li>Bergbahnen S\u00f6renberg AG, Fl\u00fchli<\/li>\n\n\n\n<li>Bergbahn Stoos, Schwyz<\/li>\n\n\n\n<li>Billerbeck, Fischbach-G\u00f6slikon<\/li>\n\n\n\n<li>Brun Nadja<\/li>\n\n\n\n<li>CHRIS sports AG, Aadorf<\/li>\n\n\n\n<li>Circus Monti, Wohlen<\/li>\n\n\n\n<li>Coiffure Haarscharf, Dottikon<\/li>\n\n\n\n<li>Coiffure Jeunesse, Bremgarten<\/li>\n\n\n\n<li>Confida Treuhand GmbH, Fischbach-G\u00f6slikon<\/li>\n\n\n\n<li>Coop<\/li>\n\n\n\n<li>Dorfsch\u00fcr Nesselnbach, Nesselnbach<\/li>\n\n\n\n<li>Emmi AG, Luzern<\/li>\n\n\n\n<li>Essigh\u00fcsli, Bremgarten<\/li>\n\n\n\n<li>Familie Rymann, Fischbach-G\u00f6slikon<\/li>\n\n\n\n<li>Foodfabrik, K\u00fcnten<\/li>\n\n\n\n<li>Gasthof Linde, Fislisbach<\/li>\n\n\n\n<li>Garage Heggli, Muri<\/li>\n\n\n\n<li>Garage M. Giger GmbH, Anglikon<\/li>\n\n\n\n<li>G\u00e4rtnerei Gisler, Niederwil<\/li>\n\n\n\n<li>Gem\u00fcsek\u00f6rbli, Oberwil-Lieli<\/li>\n\n\n\n<li>Georg Utz AG, Bremgarten<\/li>\n\n\n\n<li>Gisi G\u00fcfl\u00fcgelhof, Mellingen<\/li>\n\n\n\n<li>Grand Cassino Baden, Baden<\/li>\n\n\n\n<li>Gratwohl Susanne, Niederwil<\/li>\n\n\n\n<li>Guhl Ramona, Fischbach-G\u00f6slikon<\/li>\n\n\n\n<li>Hayloft-IT GmbH, Mellingen<\/li>\n\n\n\n<li>Hunn, Bremgarten<\/li>\n\n\n\n<li>H\u00fcsser Gm\u00fcr + Partner AG, Baden<\/li>\n\n\n\n<li>Imkerei Weber, Fischbach-G\u00f6slikon<\/li>\n\n\n\n<li>Intersport St\u00f6ckli, Boswil<\/li>\n\n\n\n<li>ITS Kanalservice AG, Boswil<\/li>\n\n\n\n<li>Jemako Priska Rempfler, Fischbach-G\u00f6slikon<\/li>\n\n\n\n<li>Jordi-Plan GmbH, Fischbach-G\u00f6slikon<\/li>\n\n\n\n<li>Josef K\u00e4ppeli AG, Merenschwand<\/li>\n\n\n\n<li>K\u00e4ppeli Helena Massage, M\u00fchlau<\/li>\n\n\n\n<li>Kart-Bahn Wohlen AG, Waltenschwil<\/li>\n\n\n\n<li>K\u00e4serei K\u00fcnten, K\u00fcnten<\/li>\n\n\n\n<li>Kretz Annelies, T\u00e4gerig<\/li>\n\n\n\n<li>Kretz Barbara, Fischbach-G\u00f6slikon<\/li>\n\n\n\n<li>Kreyenb\u00fchl Susanne, Fischbach-G\u00f6slikon<\/li>\n\n\n\n<li>Landhotel Linde, Fislisbach<\/li>\n\n\n\n<li>L\u00e4nggerHof, D\u00e4llikon<\/li>\n\n\n\n<li>Leuenberger Elisha, Fischbach-G\u00f6slikon<\/li>\n\n\n\n<li>Mathys Dominique, Merenschwand<\/li>\n\n\n\n<li>Meier Petra, Fischbach-G\u00f6slikon<\/li>\n\n\n\n<li>Meier Madlen, Niederwil<\/li>\n\n\n\n<li>Mercedes-Benz Automobil AG, Wettingen<\/li>\n\n\n\n<li>Migros Fitnesspark, Luzern<\/li>\n\n\n\n<li>Milchzentrale Nesselnbach, Nesselnbach<\/li>\n\n\n\n<li>Oberfrei\u00e4mter Buurechuchi, Alikon<\/li>\n\n\n\n<li>Otto&#8217;s<\/li>\n\n\n\n<li>Oziania Reisen AG, Fislisbach<\/li>\n\n\n\n<li>PipariArt, Fischbach-G\u00f6slikon<\/li>\n\n\n\n<li>Pizza Pronto, Niederwil<\/li>\n\n\n\n<li>Radio Argovia, Aarau<\/li>\n\n\n\n<li>Raiffeisenbank Wohlen, Wohlen<\/li>\n\n\n\n<li>Rempfler Priska, Fischbach-G\u00f6slikon<\/li>\n\n\n\n<li>Restaurant Pizzaria Reussthal, Fischbach-G\u00f6slikon<\/li>\n\n\n\n<li>Restaurant Sch\u00f6neck, Remetschwil<\/li>\n\n\n\n<li>Restaurant Suvlaki, Bremgarten<\/li>\n\n\n\n<li>Restaurant zur Post, Remetschwil<\/li>\n\n\n\n<li>Reuss-Apotheke, Bremgarten<\/li>\n\n\n\n<li>Salon Rita, Merenschwand<\/li>\n\n\n\n<li>Sch\u00fcwo, Wohlen<\/li>\n\n\n\n<li>Strebel Melissa, Fischbach-G\u00f6slikon<\/li>\n\n\n\n<li>St\u00f6cklisport Boswil<\/li>\n\n\n\n<li>Titlisbahnen<\/li>\n\n\n\n<li>TopPharm Apotheke, Bremgarten<\/li>\n\n\n\n<li>Victorinox AG, Ibach<\/li>\n\n\n\n<li>Volg Niederwil AG, Niederwil<\/li>\n\n\n\n<li>Walliser Chantal, Fischbach-G\u00f6slikon<\/li>\n\n\n\n<li>Wendelinhof, Niederwil<\/li>\n\n\n\n<li>Zirkus Monti, Wohlen<\/li>\n<\/ul>\n","protected":false},"excerpt":{"rendered":"<p>Am Freitag- und Samstagabend k\u00f6nnen Sie Lose kaufen und an unserer Tombola attraktive Preise gewinnen. Versuchen Sie Ihr Gl\u00fcck! Wir danken unseren Tombolasponsoren:<\/p>\n","protected":false},"author":2,"featured_media":0,"parent":0,"menu_order":0,"comment_status":"closed","ping_status":"closed","template":"","meta":{"footnotes":""},"class_list":["post-174","page","type-page","status-publish","hentry"],"_links":{"self":[{"href":"https:\/\/theater.figoe.ch\/index.php?rest_route=\/wp\/v2\/pages\/174","targetHints":{"allow":["GET"]}}],"collection":[{"href":"https:\/\/theater.figoe.ch\/index.php?rest_route=\/wp\/v2\/pages"}],"about":[{"href":"https:\/\/theater.figoe.ch\/index.php?rest_route=\/wp\/v2\/types\/page"}],"author":[{"embeddable":true,"href":"https:\/\/theater.figoe.ch\/index.php?rest_route=\/wp\/v2\/users\/2"}],"replies":[{"embeddable":true,"href":"https:\/\/theater.figoe.ch\/index.php?rest_route=%2Fwp%2Fv2%2Fcomments&post=174"}],"version-history":[{"count":12,"href":"https:\/\/theater.figoe.ch\/index.php?rest_route=\/wp\/v2\/pages\/174\/revisions"}],"predecessor-version":[{"id":989,"href":"https:\/\/theater.figoe.ch\/index.php?rest_route=\/wp\/v2\/pages\/174\/revisions\/989"}],"wp:attachment":[{"href":"https:\/\/theater.figoe.ch\/index.php?rest_route=%2Fwp%2Fv2%2Fmedia&parent=174"}],"curies":[{"name":"wp","href":"https:\/\/api.w.org\/{rel}","templated":true}]}}