{"id":194,"date":"2018-09-19T19:39:23","date_gmt":"2018-09-19T19:39:23","guid":{"rendered":"https:\/\/theater.figoe.ch\/?page_id=194"},"modified":"2024-09-21T11:00:27","modified_gmt":"2024-09-21T11:00:27","slug":"organisation","status":"publish","type":"page","link":"https:\/\/theater.figoe.ch\/?page_id=194","title":{"rendered":"Organisation"},"content":{"rendered":"<p>Unser OK arbeitet seit Monaten, damit unser Theater ein voller Erfolg wird!<\/p>\n<ul>\n<li>OK-Pr\u00e4sidentin: Corina W\u00e4lchli<\/li>\n<li>Regisseur:\u00a0 Bruno Villiger<\/li>\n<li>Festwirtschaft\/ Deko: Jaqueline Meier, Stephanie Marena<\/li>\n<li>Werbung: Bettina Baumann, Karin Beaud<\/li>\n<li>Homepage: Lorena Stutz<\/li>\n<li>Sponsoring: Corina W\u00e4lchli<\/li>\n<li>Tombola: Mich\u00e8le K\u00e4ppeli, Susanne Kreyenb\u00fchl, Eliane R\u00fchle, Priska Rempfler<\/li>\n<li>Reservation: Karin Beaud, Sally Schaufelb\u00fchl<\/li>\n<li>Ton: Iwan Hoppler\u00a0 \u00a0<\/li>\n<li>Maske: Viviana Solari\u00a0 \u00a0 \u00a0 \u00a0 \u00a0 \u00a0 \u00a0\u00a0<\/li>\n<li>Finanzen: Sandra H\u00e4nggi, Sally Schaufelb\u00fchl<\/li>\n<li>Pr\u00e4sidentin DTV: Corina Stenz<\/li>\n<\/ul>\n\n\n<p><\/p>\n","protected":false},"excerpt":{"rendered":"<p>Unser OK arbeitet seit Monaten, damit unser Theater ein voller Erfolg wird! OK-Pr\u00e4sidentin: Corina W\u00e4lchli Regisseur:\u00a0 Bruno Villiger Festwirtschaft\/ Deko: Jaqueline Meier, Stephanie Marena Werbung: Bettina Baumann, Karin Beaud Homepage: Lorena Stutz Sponsoring: Corina W\u00e4lchli Tombola: Mich\u00e8le K\u00e4ppeli, Susanne Kreyenb\u00fchl, Eliane R\u00fchle, Priska Rempfler Reservation: Karin Beaud, Sally Schaufelb\u00fchl Ton:<\/p>\n","protected":false},"author":2,"featured_media":0,"parent":0,"menu_order":0,"comment_status":"closed","ping_status":"closed","template":"","meta":{"footnotes":""},"class_list":["post-194","page","type-page","status-publish","hentry"],"_links":{"self":[{"href":"https:\/\/theater.figoe.ch\/index.php?rest_route=\/wp\/v2\/pages\/194","targetHints":{"allow":["GET"]}}],"collection":[{"href":"https:\/\/theater.figoe.ch\/index.php?rest_route=\/wp\/v2\/pages"}],"about":[{"href":"https:\/\/theater.figoe.ch\/index.php?rest_route=\/wp\/v2\/types\/page"}],"author":[{"embeddable":true,"href":"https:\/\/theater.figoe.ch\/index.php?rest_route=\/wp\/v2\/users\/2"}],"replies":[{"embeddable":true,"href":"https:\/\/theater.figoe.ch\/index.php?rest_route=%2Fwp%2Fv2%2Fcomments&post=194"}],"version-history":[{"count":52,"href":"https:\/\/theater.figoe.ch\/index.php?rest_route=\/wp\/v2\/pages\/194\/revisions"}],"predecessor-version":[{"id":805,"href":"https:\/\/theater.figoe.ch\/index.php?rest_route=\/wp\/v2\/pages\/194\/revisions\/805"}],"wp:attachment":[{"href":"https:\/\/theater.figoe.ch\/index.php?rest_route=%2Fwp%2Fv2%2Fmedia&parent=194"}],"curies":[{"name":"wp","href":"https:\/\/api.w.org\/{rel}","templated":true}]}}