{"id":34,"date":"2018-09-17T19:05:09","date_gmt":"2018-09-17T19:05:09","guid":{"rendered":"https:\/\/theater.figoe.ch\/?page_id=34"},"modified":"2024-09-23T18:22:59","modified_gmt":"2024-09-23T18:22:59","slug":"auffuehrungen","status":"publish","type":"page","link":"https:\/\/theater.figoe.ch\/?page_id=34","title":{"rendered":"Auff\u00fchrungen"},"content":{"rendered":"<p>Wir begr\u00fcssen Sie ganz herzlich in Fischbach-G\u00f6slikon. Die Vorf\u00fchrungen finden an folgenden Daten statt:<\/p>\n<p><strong>Samstag, 16. November 2024, Start Theater 20.00 Uhr, T\u00fcr\u00f6ffnung ab 18:00 Uhr<\/strong><\/p>\n<p><strong>Mittwoch, 20. November 2024, Start Theater 19.30 Uhr, T\u00fcr\u00f6ffnung ab 18:30 Uhr<\/strong><\/p>\n<p><strong>Freitag, 22. November 2024, Start Theater 20.00 Uhr, T\u00fcr\u00f6ffnung ab 18:00 Uhr<\/strong><\/p>\n<p><strong>Samstag, 23. November 2024, Start Theater 20.00 Uhr, T\u00fcr\u00f6ffnung ab 18:00 Uhr<\/strong><\/p>\n<p><a href=\"https:\/\/www.google.com\/maps\/place\/Lohrenstrasse+2,+5525+Fischbach-G%C3%B6slikon\/@47.3687431,8.3029982,493m\/data=!3m1!1e3!4m6!3m5!1s0x4790119be0005e83:0xffa4cc3401907198!8m2!3d47.3692068!4d8.3060458!16s%2Fg%2F11fj0tt_5s?entry=ttu&amp;g_ep=EgoyMDI0MDkxOC4xIKXMDSoASAFQAw%3D%3D\" target=\"_blank\" rel=\"noopener\">Adresse<\/a>: Schulanlage Lohren, Lohrenstrasse 2, 5525 Fischbach-G\u00f6slikon<\/p>\n\n\n<p><\/p>\n","protected":false},"excerpt":{"rendered":"<p>Wir begr\u00fcssen Sie ganz herzlich in Fischbach-G\u00f6slikon. Die Vorf\u00fchrungen finden an folgenden Daten statt: Samstag, 16. November 2024, Start Theater 20.00 Uhr, T\u00fcr\u00f6ffnung ab 18:00 Uhr Mittwoch, 20. November 2024, Start Theater 19.30 Uhr, T\u00fcr\u00f6ffnung ab 18:30 Uhr Freitag, 22. November 2024, Start Theater 20.00 Uhr, T\u00fcr\u00f6ffnung ab 18:00 Uhr<\/p>\n","protected":false},"author":2,"featured_media":0,"parent":0,"menu_order":0,"comment_status":"closed","ping_status":"closed","template":"","meta":{"footnotes":""},"class_list":["post-34","page","type-page","status-publish","hentry"],"_links":{"self":[{"href":"https:\/\/theater.figoe.ch\/index.php?rest_route=\/wp\/v2\/pages\/34","targetHints":{"allow":["GET"]}}],"collection":[{"href":"https:\/\/theater.figoe.ch\/index.php?rest_route=\/wp\/v2\/pages"}],"about":[{"href":"https:\/\/theater.figoe.ch\/index.php?rest_route=\/wp\/v2\/types\/page"}],"author":[{"embeddable":true,"href":"https:\/\/theater.figoe.ch\/index.php?rest_route=\/wp\/v2\/users\/2"}],"replies":[{"embeddable":true,"href":"https:\/\/theater.figoe.ch\/index.php?rest_route=%2Fwp%2Fv2%2Fcomments&post=34"}],"version-history":[{"count":27,"href":"https:\/\/theater.figoe.ch\/index.php?rest_route=\/wp\/v2\/pages\/34\/revisions"}],"predecessor-version":[{"id":853,"href":"https:\/\/theater.figoe.ch\/index.php?rest_route=\/wp\/v2\/pages\/34\/revisions\/853"}],"wp:attachment":[{"href":"https:\/\/theater.figoe.ch\/index.php?rest_route=%2Fwp%2Fv2%2Fmedia&parent=34"}],"curies":[{"name":"wp","href":"https:\/\/api.w.org\/{rel}","templated":true}]}}