{"id":35,"date":"2018-09-17T19:05:09","date_gmt":"2018-09-17T19:05:09","guid":{"rendered":"https:\/\/theater.figoe.ch\/?page_id=35"},"modified":"2024-11-14T22:10:01","modified_gmt":"2024-11-14T22:10:01","slug":"menues","status":"publish","type":"page","link":"https:\/\/theater.figoe.ch\/?page_id=35","title":{"rendered":"Preise"},"content":{"rendered":"\n<p><strong>Freitags- und Samstagsvorstellungen<\/strong><\/p>\n\n\n\n<div class=\"wp-block-group\"><div class=\"wp-block-group__inner-container is-layout-constrained wp-block-group-is-layout-constrained\">\n<div class=\"wp-block-group\"><div class=\"wp-block-group__inner-container is-layout-constrained wp-block-group-is-layout-constrained\">\n<p>Eintritt inkl. 3-Gang-Men\u00fc Fleisch: Fr. 51.00<\/p>\n\n\n\n<ul class=\"wp-block-list\">\n<li>Knackiger Salat mit Pilzrahmsuppe<\/li>\n\n\n\n<li>Schweins-Gulasch mit Sp\u00e4tzli und Karotten<\/li>\n\n\n\n<li>Herbstliches Schnittli-Duo<\/li>\n<\/ul>\n<\/div><\/div>\n<\/div><\/div>\n\n\n\n<div style=\"height:23px\" aria-hidden=\"true\" class=\"wp-block-spacer\"><\/div>\n\n\n\n<div class=\"wp-block-group\"><div class=\"wp-block-group__inner-container is-layout-constrained wp-block-group-is-layout-constrained\">\n<p>Eintritt inkl. 3-Gang-Men\u00fc Vegi: Fr. 49.00<\/p>\n\n\n\n<ul class=\"wp-block-list\">\n<li>Knackiger Salat mit Pilzrahmsuppe<\/li>\n\n\n\n<li>Vegi-Gulasch mit Sp\u00e4tzli und Karotten<\/li>\n\n\n\n<li>Herbstliches Schnittli-Duo<\/li>\n<\/ul>\n<\/div><\/div>\n\n\n\n<div style=\"height:23px\" aria-hidden=\"true\" class=\"wp-block-spacer\"><\/div>\n\n\n\n<p>Eintritt ohne Men\u00fc: Fr. 20:00<\/p>\n\n\n<\/p>\n<p>Das Men\u00fc wird bis 19.30 serviert und in der zweiten Pause. Aus organisatorischen Gr\u00fcnden k\u00f6nnen die Men\u00fcs nur im Voraus bestellt werden, wir danken f\u00fcr Ihr\u00a0 Verst\u00e4ndnis.<\/p>\n<p><strong>Weitere Verpflegungsm\u00f6glichkeiten<\/strong> (nur Freitags und Samstags)<\/p>\n<ul>\n<li>Paninis mit Fleisch oder Vegi: Fr. 9.00<\/li>\n<li>Hot Dog: Fr. 6.00<\/li>\n<li>Grosser Salatteller mit Ei und Brot: Fr. 10.00<\/li>\n<li>Herbstliches Schnittli-Duo: Fr. 6.00<\/li>\n<\/ul>\n\n\n<div style=\"height:5px\" aria-hidden=\"true\" class=\"wp-block-spacer\"><\/div>\n\n\n\n<p><strong>Mittwochsvorstellung ohne Reservation<\/strong>&nbsp;<\/p>\n\n\n\n<p>Eintritt Fr. 15.00<\/p>\n\n\n\n<ul class=\"wp-block-list\">\n<li>Reichhaltige Sandwiches<\/li>\n\n\n\n<li>Kuchenbuffet<\/li>\n<\/ul>\n\n\n\n<figure class=\"wp-block-gallery has-nested-images columns-default is-cropped wp-block-gallery-1 is-layout-flex wp-block-gallery-is-layout-flex\">\n<figure class=\"wp-block-image size-large\"><img loading=\"lazy\" decoding=\"async\" width=\"2309\" height=\"1625\" data-id=\"556\" src=\"https:\/\/theater.figoe.ch\/wp-content\/uploads\/2022\/06\/Marti-Metzg-Homepage.png\" alt=\"\" class=\"wp-image-556\" srcset=\"https:\/\/theater.figoe.ch\/wp-content\/uploads\/2022\/06\/Marti-Metzg-Homepage.png 2309w, https:\/\/theater.figoe.ch\/wp-content\/uploads\/2022\/06\/Marti-Metzg-Homepage-300x211.png 300w, https:\/\/theater.figoe.ch\/wp-content\/uploads\/2022\/06\/Marti-Metzg-Homepage-1024x721.png 1024w, https:\/\/theater.figoe.ch\/wp-content\/uploads\/2022\/06\/Marti-Metzg-Homepage-768x540.png 768w, https:\/\/theater.figoe.ch\/wp-content\/uploads\/2022\/06\/Marti-Metzg-Homepage-1536x1081.png 1536w, https:\/\/theater.figoe.ch\/wp-content\/uploads\/2022\/06\/Marti-Metzg-Homepage-2048x1441.png 2048w\" sizes=\"auto, (max-width: 2309px) 100vw, 2309px\" \/><\/figure>\n<\/figure>\n\n\n\n<div style=\"height:100px\" aria-hidden=\"true\" class=\"wp-block-spacer\"><\/div>\n\n\n\n<p><\/p>\n\n\n\n<p><\/p>\n","protected":false},"excerpt":{"rendered":"<p>Freitags- und Samstagsvorstellungen Eintritt inkl. 3-Gang-Men\u00fc Fleisch: Fr. 51.00 Eintritt inkl. 3-Gang-Men\u00fc Vegi: Fr. 49.00 Eintritt ohne Men\u00fc: Fr. 20:00 Das Men\u00fc wird bis 19.30 serviert und in der zweiten Pause. Aus organisatorischen Gr\u00fcnden k\u00f6nnen die Men\u00fcs nur im Voraus bestellt werden, wir danken f\u00fcr Ihr\u00a0 Verst\u00e4ndnis. Weitere Verpflegungsm\u00f6glichkeiten (nur<\/p>\n","protected":false},"author":2,"featured_media":0,"parent":17,"menu_order":0,"comment_status":"closed","ping_status":"closed","template":"","meta":{"footnotes":""},"class_list":["post-35","page","type-page","status-publish","hentry"],"_links":{"self":[{"href":"https:\/\/theater.figoe.ch\/index.php?rest_route=\/wp\/v2\/pages\/35","targetHints":{"allow":["GET"]}}],"collection":[{"href":"https:\/\/theater.figoe.ch\/index.php?rest_route=\/wp\/v2\/pages"}],"about":[{"href":"https:\/\/theater.figoe.ch\/index.php?rest_route=\/wp\/v2\/types\/page"}],"author":[{"embeddable":true,"href":"https:\/\/theater.figoe.ch\/index.php?rest_route=\/wp\/v2\/users\/2"}],"replies":[{"embeddable":true,"href":"https:\/\/theater.figoe.ch\/index.php?rest_route=%2Fwp%2Fv2%2Fcomments&post=35"}],"version-history":[{"count":68,"href":"https:\/\/theater.figoe.ch\/index.php?rest_route=\/wp\/v2\/pages\/35\/revisions"}],"predecessor-version":[{"id":1006,"href":"https:\/\/theater.figoe.ch\/index.php?rest_route=\/wp\/v2\/pages\/35\/revisions\/1006"}],"up":[{"embeddable":true,"href":"https:\/\/theater.figoe.ch\/index.php?rest_route=\/wp\/v2\/pages\/17"}],"wp:attachment":[{"href":"https:\/\/theater.figoe.ch\/index.php?rest_route=%2Fwp%2Fv2%2Fmedia&parent=35"}],"curies":[{"name":"wp","href":"https:\/\/api.w.org\/{rel}","templated":true}]}}