{"id":36,"date":"2018-09-17T19:05:09","date_gmt":"2018-09-17T19:05:09","guid":{"rendered":"https:\/\/theater.figoe.ch\/?page_id=36"},"modified":"2024-09-20T15:04:52","modified_gmt":"2024-09-20T15:04:52","slug":"das-lustspiel","status":"publish","type":"page","link":"https:\/\/theater.figoe.ch\/?page_id=36","title":{"rendered":"Die Story"},"content":{"rendered":"\n<div class=\"wp-block-group is-nowrap is-layout-flex wp-container-core-group-is-layout-6c531013 wp-block-group-is-layout-flex\">\n<div class=\"wp-block-group\"><div class=\"wp-block-group__inner-container is-layout-constrained wp-block-group-is-layout-constrained\">\n<p class=\"p1\">Regierungsrat H\u00e4fliger ist von aussen gesehen ein senkrechter Schweizer. Er will von der Diskretion eines Erstklasshotels und den guten Kontakten des Hoteldirektors Sulzbach profitieren. Er will von einem russischen Gesch\u00e4ftsmann einen Koffer mit Bestechungsgeld entgegennehmen und sich gleichzeitig ein im wahrsten Sinne des Wortes fesselndes Sch\u00e4ferst\u00fcndchen g\u00f6nnen. Aber dann ist das Sch\u00e4ferst\u00fcndchen gar kein Sch\u00e4ferst\u00fcndchen, der Mann mit dem Geldkoffer taucht im falschen Moment auf, und ein junger Journalist wittert einen schlagzeilentr\u00e4chtigen Skandal. Da hilft nur das, was in Schw\u00e4nken immer hilft: L\u00fcgen, Verkleiden und Erfinden von immer neuen Ausreden. Zum Gl\u00fcck arbeitet im Hotel ein Zimmerkellner, der dem Regierungsrat verbl\u00fcffend \u00e4hnlich sieht. Dieser muss nun unfreiwillig in die Rolle des Politikers schl\u00fcpfen. Doch dadurch wird die Situation f\u00fcr alle Beteiligten nicht wirklich einfacher. Und als schliesslich auch noch Frau Regierungsrat im Hotel auftaucht, eine Moraltante aus dem Bilderbuch, scheint die Katastrophe komplett.<\/p>\n<\/div><\/div>\n<\/div>\n\n\n\n<p>\u201eDiskretion isch Ehresach\u201c ist eine jener Verwechslungskom\u00f6dien, in denen sich der Zuschauer auf nichts verlassen kann \u2013 ausser auf die Tatsache, dass hinter jeder der zahlreichen T\u00fcren immer schon die n\u00e4chste komische Katastrophe lauert. Die Verwandlungen werden im Laufe des St\u00fcckes immer schneller \u2013 bis dem Zuschauer nicht nur vor Lachen schwindlig ist.<\/p>\n\n\n\n<p>Breuninger Theaterverlag<\/p>\n\n\n\n<figure class=\"wp-block-image size-full\"><img loading=\"lazy\" decoding=\"async\" width=\"606\" height=\"431\" src=\"https:\/\/theater.figoe.ch\/wp-content\/uploads\/2024\/09\/Fyler-Theater-2024.jpg\" alt=\"\" class=\"wp-image-707\" srcset=\"https:\/\/theater.figoe.ch\/wp-content\/uploads\/2024\/09\/Fyler-Theater-2024.jpg 606w, https:\/\/theater.figoe.ch\/wp-content\/uploads\/2024\/09\/Fyler-Theater-2024-300x213.jpg 300w\" sizes=\"auto, (max-width: 606px) 100vw, 606px\" \/><\/figure>\n","protected":false},"excerpt":{"rendered":"<p>Regierungsrat H\u00e4fliger ist von aussen gesehen ein senkrechter Schweizer. Er will von der Diskretion eines Erstklasshotels und den guten Kontakten des Hoteldirektors Sulzbach profitieren. Er will von einem russischen Gesch\u00e4ftsmann einen Koffer mit Bestechungsgeld entgegennehmen und sich gleichzeitig ein im wahrsten Sinne des Wortes fesselndes Sch\u00e4ferst\u00fcndchen g\u00f6nnen. Aber dann ist<\/p>\n","protected":false},"author":2,"featured_media":0,"parent":0,"menu_order":0,"comment_status":"closed","ping_status":"closed","template":"","meta":{"footnotes":""},"class_list":["post-36","page","type-page","status-publish","hentry"],"_links":{"self":[{"href":"https:\/\/theater.figoe.ch\/index.php?rest_route=\/wp\/v2\/pages\/36","targetHints":{"allow":["GET"]}}],"collection":[{"href":"https:\/\/theater.figoe.ch\/index.php?rest_route=\/wp\/v2\/pages"}],"about":[{"href":"https:\/\/theater.figoe.ch\/index.php?rest_route=\/wp\/v2\/types\/page"}],"author":[{"embeddable":true,"href":"https:\/\/theater.figoe.ch\/index.php?rest_route=\/wp\/v2\/users\/2"}],"replies":[{"embeddable":true,"href":"https:\/\/theater.figoe.ch\/index.php?rest_route=%2Fwp%2Fv2%2Fcomments&post=36"}],"version-history":[{"count":22,"href":"https:\/\/theater.figoe.ch\/index.php?rest_route=\/wp\/v2\/pages\/36\/revisions"}],"predecessor-version":[{"id":765,"href":"https:\/\/theater.figoe.ch\/index.php?rest_route=\/wp\/v2\/pages\/36\/revisions\/765"}],"wp:attachment":[{"href":"https:\/\/theater.figoe.ch\/index.php?rest_route=%2Fwp%2Fv2%2Fmedia&parent=36"}],"curies":[{"name":"wp","href":"https:\/\/api.w.org\/{rel}","templated":true}]}}